{"id":15,"date":"2021-11-21T15:14:41","date_gmt":"2021-11-21T15:14:41","guid":{"rendered":"https:\/\/www.vitasystems.es\/?page_id=15"},"modified":"2022-02-18T20:45:06","modified_gmt":"2022-02-18T20:45:06","slug":"servicios","status":"publish","type":"page","link":"https:\/\/www.vitasystems.es\/?page_id=15","title":{"rendered":"Servicios"},"content":{"rendered":"\t\t<div data-elementor-type=\"wp-page\" data-elementor-id=\"15\" class=\"elementor elementor-15\" data-elementor-settings=\"[]\">\n\t\t\t\t\t\t\t<div class=\"elementor-section-wrap\">\n\t\t\t\t\t\t\t<section class=\"elementor-section elementor-top-section elementor-element elementor-element-83746e8 elementor-section-height-min-height elementor-section-boxed elementor-section-height-default elementor-section-items-middle\" data-id=\"83746e8\" data-element_type=\"section\" data-settings=\"{&quot;background_background&quot;:&quot;classic&quot;}\">\n\t\t\t\t\t\t\t<div class=\"elementor-background-overlay\"><\/div>\n\t\t\t\t\t\t\t<div class=\"elementor-container elementor-column-gap-default\">\n\t\t\t\t\t<div class=\"elementor-column elementor-col-100 elementor-top-column elementor-element elementor-element-09faee3\" data-id=\"09faee3\" data-element_type=\"column\">\n\t\t\t<div class=\"elementor-widget-wrap elementor-element-populated\">\n\t\t\t\t\t\t\t\t<div class=\"elementor-element elementor-element-c7152a9 elementor-widget elementor-widget-heading\" data-id=\"c7152a9\" data-element_type=\"widget\" data-widget_type=\"heading.default\">\n\t\t\t\t<div class=\"elementor-widget-container\">\n\t\t\t<style>\/*! elementor - v3.5.5 - 03-02-2022 *\/\n.elementor-heading-title{padding:0;margin:0;line-height:1}.elementor-widget-heading .elementor-heading-title[class*=elementor-size-]>a{color:inherit;font-size:inherit;line-height:inherit}.elementor-widget-heading .elementor-heading-title.elementor-size-small{font-size:15px}.elementor-widget-heading .elementor-heading-title.elementor-size-medium{font-size:19px}.elementor-widget-heading .elementor-heading-title.elementor-size-large{font-size:29px}.elementor-widget-heading .elementor-heading-title.elementor-size-xl{font-size:39px}.elementor-widget-heading .elementor-heading-title.elementor-size-xxl{font-size:59px}<\/style><h1 class=\"elementor-heading-title elementor-size-default\">Nuestros Servicios<\/h1>\t\t<\/div>\n\t\t\t\t<\/div>\n\t\t\t\t\t<\/div>\n\t\t<\/div>\n\t\t\t\t\t\t\t<\/div>\n\t\t<\/section>\n\t\t\t\t<section class=\"elementor-section elementor-top-section elementor-element elementor-element-a92bf94 elementor-section-boxed elementor-section-height-default elementor-section-height-default\" data-id=\"a92bf94\" data-element_type=\"section\">\n\t\t\t\t\t\t<div class=\"elementor-container elementor-column-gap-default\">\n\t\t\t\t\t<div class=\"elementor-column elementor-col-50 elementor-top-column elementor-element elementor-element-f485586\" data-id=\"f485586\" data-element_type=\"column\">\n\t\t\t<div class=\"elementor-widget-wrap elementor-element-populated\">\n\t\t\t\t\t\t\t\t<div class=\"elementor-element elementor-element-b5d284b elementor-widget elementor-widget-image\" data-id=\"b5d284b\" data-element_type=\"widget\" data-widget_type=\"image.default\">\n\t\t\t\t<div class=\"elementor-widget-container\">\n\t\t\t<style>\/*! elementor - v3.5.5 - 03-02-2022 *\/\n.elementor-widget-image{text-align:center}.elementor-widget-image a{display:inline-block}.elementor-widget-image a img[src$=\".svg\"]{width:48px}.elementor-widget-image img{vertical-align:middle;display:inline-block}<\/style>\t\t\t\t\t\t\t\t\t\t\t\t<img loading=\"lazy\" decoding=\"async\" width=\"1920\" height=\"1080\" src=\"https:\/\/www.vitasystems.es\/wp-content\/uploads\/2022\/02\/Diseno-sin-titulo-5.png\" class=\"attachment-2048x2048 size-2048x2048\" alt=\"\" srcset=\"https:\/\/www.vitasystems.es\/wp-content\/uploads\/2022\/02\/Diseno-sin-titulo-5.png 1920w, https:\/\/www.vitasystems.es\/wp-content\/uploads\/2022\/02\/Diseno-sin-titulo-5-300x169.png 300w, https:\/\/www.vitasystems.es\/wp-content\/uploads\/2022\/02\/Diseno-sin-titulo-5-1024x576.png 1024w, https:\/\/www.vitasystems.es\/wp-content\/uploads\/2022\/02\/Diseno-sin-titulo-5-768x432.png 768w, https:\/\/www.vitasystems.es\/wp-content\/uploads\/2022\/02\/Diseno-sin-titulo-5-1536x864.png 1536w\" sizes=\"auto, (max-width: 1920px) 100vw, 1920px\" \/>\t\t\t\t\t\t\t\t\t\t\t\t\t\t\t<\/div>\n\t\t\t\t<\/div>\n\t\t\t\t\t<\/div>\n\t\t<\/div>\n\t\t\t\t<div class=\"elementor-column elementor-col-50 elementor-top-column elementor-element elementor-element-7d00c84\" data-id=\"7d00c84\" data-element_type=\"column\">\n\t\t\t<div class=\"elementor-widget-wrap elementor-element-populated\">\n\t\t\t\t\t\t\t\t<div class=\"elementor-element elementor-element-8ce1b85 elementor-widget elementor-widget-heading\" data-id=\"8ce1b85\" data-element_type=\"widget\" data-widget_type=\"heading.default\">\n\t\t\t\t<div class=\"elementor-widget-container\">\n\t\t\t<h4 class=\"elementor-heading-title elementor-size-default\">Copias de seguridad o Backup<\/h4>\t\t<\/div>\n\t\t\t\t<\/div>\n\t\t\t\t<div class=\"elementor-element elementor-element-c31e03f elementor-widget elementor-widget-text-editor\" data-id=\"c31e03f\" data-element_type=\"widget\" data-widget_type=\"text-editor.default\">\n\t\t\t\t<div class=\"elementor-widget-container\">\n\t\t\t<style>\/*! elementor - v3.5.5 - 03-02-2022 *\/\n.elementor-widget-text-editor.elementor-drop-cap-view-stacked .elementor-drop-cap{background-color:#818a91;color:#fff}.elementor-widget-text-editor.elementor-drop-cap-view-framed .elementor-drop-cap{color:#818a91;border:3px solid;background-color:transparent}.elementor-widget-text-editor:not(.elementor-drop-cap-view-default) .elementor-drop-cap{margin-top:8px}.elementor-widget-text-editor:not(.elementor-drop-cap-view-default) .elementor-drop-cap-letter{width:1em;height:1em}.elementor-widget-text-editor .elementor-drop-cap{float:left;text-align:center;line-height:1;font-size:50px}.elementor-widget-text-editor .elementor-drop-cap-letter{display:inline-block}<\/style>\t\t\t\t<p style=\"text-align: justify;\">VITA Systems ofrece servicios de copia de seguridad para salvaguardar los datos de las empresas y protegerlos ante cualquier incidente que puedan sufrir.<\/p>\n<p style=\"text-align: justify;\">Estas copias de seguridad se pueden realizar tanto en local a trav\u00e9s de dispositivos NAS o cabinas de discos, como en la nube, con un servicio ajustado a las necesidades de cada empresa.<\/p>\t\t\t\t\t\t<\/div>\n\t\t\t\t<\/div>\n\t\t\t\t\t<\/div>\n\t\t<\/div>\n\t\t\t\t\t\t\t<\/div>\n\t\t<\/section>\n\t\t\t\t<section class=\"elementor-section elementor-top-section elementor-element elementor-element-81b0575 elementor-section-boxed elementor-section-height-default elementor-section-height-default\" data-id=\"81b0575\" data-element_type=\"section\">\n\t\t\t\t\t\t<div class=\"elementor-container elementor-column-gap-default\">\n\t\t\t\t\t<div class=\"elementor-column elementor-col-50 elementor-top-column elementor-element elementor-element-15cfb90\" data-id=\"15cfb90\" data-element_type=\"column\">\n\t\t\t<div class=\"elementor-widget-wrap elementor-element-populated\">\n\t\t\t\t\t\t\t\t<div class=\"elementor-element elementor-element-a26d886 elementor-widget elementor-widget-image\" data-id=\"a26d886\" data-element_type=\"widget\" data-widget_type=\"image.default\">\n\t\t\t\t<div class=\"elementor-widget-container\">\n\t\t\t\t\t\t\t\t\t\t\t\t\t\t\t<img decoding=\"async\" src=\"https:\/\/www.vitasystems.es\/wp-content\/uploads\/elementor\/thumbs\/Diseno-sin-titulo-7-pkphw95zmdvny9xalco5l0j3zck2k4216imtj23phk.png\" title=\"Dise\u00f1o sin t\u00edtulo (7)\" alt=\"Dise\u00f1o sin t\u00edtulo (7)\" \/>\t\t\t\t\t\t\t\t\t\t\t\t\t\t\t<\/div>\n\t\t\t\t<\/div>\n\t\t\t\t\t<\/div>\n\t\t<\/div>\n\t\t\t\t<div class=\"elementor-column elementor-col-50 elementor-top-column elementor-element elementor-element-97c09ce\" data-id=\"97c09ce\" data-element_type=\"column\">\n\t\t\t<div class=\"elementor-widget-wrap elementor-element-populated\">\n\t\t\t\t\t\t\t\t<div class=\"elementor-element elementor-element-cfc6530 elementor-widget elementor-widget-heading\" data-id=\"cfc6530\" data-element_type=\"widget\" data-widget_type=\"heading.default\">\n\t\t\t\t<div class=\"elementor-widget-container\">\n\t\t\t<h4 class=\"elementor-heading-title elementor-size-default\">Venta de material inform\u00e1tico<\/h4>\t\t<\/div>\n\t\t\t\t<\/div>\n\t\t\t\t<div class=\"elementor-element elementor-element-f06fcd5 elementor-widget elementor-widget-text-editor\" data-id=\"f06fcd5\" data-element_type=\"widget\" data-widget_type=\"text-editor.default\">\n\t\t\t\t<div class=\"elementor-widget-container\">\n\t\t\t\t\t\t\t<p style=\"text-align: left;\">Proveemos de todo el material necesario para el buen funcionamiento inform\u00e1tico de las empresas:<\/p><p style=\"text-align: left; padding-left: 40px;\">&#8211; PCs de sobremesa y port\u00e1tiles<\/p><p style=\"text-align: left; padding-left: 40px;\">&#8211; Impresoras y consumibles<\/p><p style=\"text-align: left; padding-left: 40px;\">&#8211; Teclados y ratones<\/p><p style=\"text-align: left; padding-left: 40px;\">&#8211; Electr\u00f3nica de red<\/p><p style=\"text-align: left; padding-left: 40px;\">&#8211; Firewalls<\/p><p style=\"text-align: left; padding-left: 40px;\">&#8211; Servidores<\/p>\t\t\t\t\t\t<\/div>\n\t\t\t\t<\/div>\n\t\t\t\t\t<\/div>\n\t\t<\/div>\n\t\t\t\t\t\t\t<\/div>\n\t\t<\/section>\n\t\t\t\t<section class=\"elementor-section elementor-top-section elementor-element elementor-element-9902a15 elementor-section-boxed elementor-section-height-default elementor-section-height-default\" data-id=\"9902a15\" data-element_type=\"section\">\n\t\t\t\t\t\t<div class=\"elementor-container elementor-column-gap-default\">\n\t\t\t\t\t<div class=\"elementor-column elementor-col-50 elementor-top-column elementor-element elementor-element-c5f699b\" data-id=\"c5f699b\" data-element_type=\"column\">\n\t\t\t<div class=\"elementor-widget-wrap elementor-element-populated\">\n\t\t\t\t\t\t\t\t<div class=\"elementor-element elementor-element-b28b01d elementor-widget elementor-widget-image\" data-id=\"b28b01d\" data-element_type=\"widget\" data-widget_type=\"image.default\">\n\t\t\t\t<div class=\"elementor-widget-container\">\n\t\t\t\t\t\t\t\t\t\t\t\t\t\t\t<img decoding=\"async\" src=\"https:\/\/www.vitasystems.es\/wp-content\/uploads\/elementor\/thumbs\/Sin-titulo-2500-\u00d7-2200-px-2500-\u00d7-1900-px-pkpl1jnpcizdqwpcdwau5165w2lwkosjoqsgvmngkw.png\" title=\"Sin t\u00edtulo (2500\u00a0\u00d7\u00a02200\u00a0px) (2500\u00a0\u00d7\u00a01900\u00a0px)\" alt=\"Sin t\u00edtulo (2500\u00a0\u00d7\u00a02200\u00a0px) (2500\u00a0\u00d7\u00a01900\u00a0px)\" \/>\t\t\t\t\t\t\t\t\t\t\t\t\t\t\t<\/div>\n\t\t\t\t<\/div>\n\t\t\t\t\t<\/div>\n\t\t<\/div>\n\t\t\t\t<div class=\"elementor-column elementor-col-50 elementor-top-column elementor-element elementor-element-a66a87a\" data-id=\"a66a87a\" data-element_type=\"column\">\n\t\t\t<div class=\"elementor-widget-wrap elementor-element-populated\">\n\t\t\t\t\t\t\t\t<div class=\"elementor-element elementor-element-1de8261 elementor-widget elementor-widget-heading\" data-id=\"1de8261\" data-element_type=\"widget\" data-widget_type=\"heading.default\">\n\t\t\t\t<div class=\"elementor-widget-container\">\n\t\t\t<h4 class=\"elementor-heading-title elementor-size-default\">Soporte inform\u00e1tico<\/h4>\t\t<\/div>\n\t\t\t\t<\/div>\n\t\t\t\t<div class=\"elementor-element elementor-element-10e66b5 elementor-widget elementor-widget-text-editor\" data-id=\"10e66b5\" data-element_type=\"widget\" data-widget_type=\"text-editor.default\">\n\t\t\t\t<div class=\"elementor-widget-container\">\n\t\t\t\t\t\t\t<p style=\"text-align: left;\">Ofrecemos soporte inform\u00e1tico tanto preventivo (minimizaci\u00f3n de incidencias) como correctivo (resoluci\u00f3n de incidencias).<\/p><p style=\"text-align: left;\">Disponemos de diferentes modelos de contrataci\u00f3n que se ajustan a las necesidades de las empresas:<\/p><p style=\"text-align: left; padding-left: 40px;\">&#8211; Dispatch (contrataci\u00f3n por servicios puntuales)<\/p><p style=\"text-align: left; padding-left: 40px;\">&#8211; Bonos de horas (contrataci\u00f3n de un n\u00famero determinado de horas que se pueden ir \u00abgastando\u00bb en funci\u00f3n de sus necesidades)<\/p><p style=\"text-align: left; padding-left: 40px;\">&#8211; Mantenimiento mensual (realizaci\u00f3n de operaciones preventivas y resoluci\u00f3n de un n\u00famero ilimitado de incidencias)<\/p><p style=\"text-align: left;\"><em>Todos nuestros servicios se ofrecen tanto \u00abin situ\u00bb como en remoto.<\/em><\/p>\t\t\t\t\t\t<\/div>\n\t\t\t\t<\/div>\n\t\t\t\t\t<\/div>\n\t\t<\/div>\n\t\t\t\t\t\t\t<\/div>\n\t\t<\/section>\n\t\t\t\t<section class=\"elementor-section elementor-top-section elementor-element elementor-element-f2400c1 elementor-section-boxed elementor-section-height-default elementor-section-height-default\" data-id=\"f2400c1\" data-element_type=\"section\">\n\t\t\t\t\t\t<div class=\"elementor-container elementor-column-gap-default\">\n\t\t\t\t\t<div class=\"elementor-column elementor-col-50 elementor-top-column elementor-element elementor-element-7609ad3\" data-id=\"7609ad3\" data-element_type=\"column\">\n\t\t\t<div class=\"elementor-widget-wrap elementor-element-populated\">\n\t\t\t\t\t\t\t\t<div class=\"elementor-element elementor-element-3dd6d97 elementor-widget elementor-widget-image\" data-id=\"3dd6d97\" data-element_type=\"widget\" data-widget_type=\"image.default\">\n\t\t\t\t<div class=\"elementor-widget-container\">\n\t\t\t\t\t\t\t\t\t\t\t\t\t\t\t<img decoding=\"async\" src=\"https:\/\/www.vitasystems.es\/wp-content\/uploads\/elementor\/thumbs\/Diseno-sin-titulo-4-1-pkpi4th1w1kkt6svwwkv8n2a21g2523mhxmevwcmpk.png\" title=\"Dise\u00f1o sin t\u00edtulo (4)\" alt=\"Dise\u00f1o sin t\u00edtulo (4)\" \/>\t\t\t\t\t\t\t\t\t\t\t\t\t\t\t<\/div>\n\t\t\t\t<\/div>\n\t\t\t\t\t<\/div>\n\t\t<\/div>\n\t\t\t\t<div class=\"elementor-column elementor-col-50 elementor-top-column elementor-element elementor-element-40bfc21\" data-id=\"40bfc21\" data-element_type=\"column\">\n\t\t\t<div class=\"elementor-widget-wrap elementor-element-populated\">\n\t\t\t\t\t\t\t\t<div class=\"elementor-element elementor-element-7cce840 elementor-widget elementor-widget-heading\" data-id=\"7cce840\" data-element_type=\"widget\" data-widget_type=\"heading.default\">\n\t\t\t\t<div class=\"elementor-widget-container\">\n\t\t\t<h4 class=\"elementor-heading-title elementor-size-default\">Redes<\/h4>\t\t<\/div>\n\t\t\t\t<\/div>\n\t\t\t\t<div class=\"elementor-element elementor-element-18dff64 elementor-widget elementor-widget-text-editor\" data-id=\"18dff64\" data-element_type=\"widget\" data-widget_type=\"text-editor.default\">\n\t\t\t\t<div class=\"elementor-widget-container\">\n\t\t\t\t\t\t\t<p style=\"text-align: justify;\">Toda empresa necesita que su infraestructura de red de datos se ajuste a sus necesidades y funcione correctamente. VITA Systems est\u00e1 especializada en la instalaci\u00f3n y mantenimiento de toda la infraestructura de red (armarios rack, electr\u00f3nica de red y cableado).<\/p>\n<p style=\"text-align: justify;\">Ofrecemos nuestros servicios para analizar las necesidades de nuestros clientes y realizamos tanto la instalaci\u00f3n desde cero como ampliaciones y reparaciones de su red de datos.<\/p>\t\t\t\t\t\t<\/div>\n\t\t\t\t<\/div>\n\t\t\t\t\t<\/div>\n\t\t<\/div>\n\t\t\t\t\t\t\t<\/div>\n\t\t<\/section>\n\t\t\t\t<section class=\"elementor-section elementor-top-section elementor-element elementor-element-ee61759 elementor-section-boxed elementor-section-height-default elementor-section-height-default\" data-id=\"ee61759\" data-element_type=\"section\">\n\t\t\t\t\t\t<div class=\"elementor-container elementor-column-gap-default\">\n\t\t\t\t\t<div class=\"elementor-column elementor-col-50 elementor-top-column elementor-element elementor-element-537f3a1\" data-id=\"537f3a1\" data-element_type=\"column\">\n\t\t\t<div class=\"elementor-widget-wrap elementor-element-populated\">\n\t\t\t\t\t\t\t\t<div class=\"elementor-element elementor-element-d579ced elementor-widget elementor-widget-image\" data-id=\"d579ced\" data-element_type=\"widget\" data-widget_type=\"image.default\">\n\t\t\t\t<div class=\"elementor-widget-container\">\n\t\t\t\t\t\t\t\t\t\t\t\t\t\t\t<img decoding=\"async\" src=\"https:\/\/www.vitasystems.es\/wp-content\/uploads\/elementor\/thumbs\/Diseno-sin-titulo-6-pkpi5mm1rwq66vnf6z7oh97lmit1lc8uqebyucqchc.png\" title=\"Dise\u00f1o sin t\u00edtulo (6)\" alt=\"Dise\u00f1o sin t\u00edtulo (6)\" \/>\t\t\t\t\t\t\t\t\t\t\t\t\t\t\t<\/div>\n\t\t\t\t<\/div>\n\t\t\t\t\t<\/div>\n\t\t<\/div>\n\t\t\t\t<div class=\"elementor-column elementor-col-50 elementor-top-column elementor-element elementor-element-47fb498\" data-id=\"47fb498\" data-element_type=\"column\">\n\t\t\t<div class=\"elementor-widget-wrap elementor-element-populated\">\n\t\t\t\t\t\t\t\t<div class=\"elementor-element elementor-element-a566466 elementor-widget elementor-widget-heading\" data-id=\"a566466\" data-element_type=\"widget\" data-widget_type=\"heading.default\">\n\t\t\t\t<div class=\"elementor-widget-container\">\n\t\t\t<h4 class=\"elementor-heading-title elementor-size-default\">Teletrabajo<\/h4>\t\t<\/div>\n\t\t\t\t<\/div>\n\t\t\t\t<div class=\"elementor-element elementor-element-b3fb62a elementor-widget elementor-widget-text-editor\" data-id=\"b3fb62a\" data-element_type=\"widget\" data-widget_type=\"text-editor.default\">\n\t\t\t\t<div class=\"elementor-widget-container\">\n\t\t\t\t\t\t\t<p style=\"text-align: justify;\">Con la creciente necesidad de proteger las comunicaciones y los datos en las empresas, disponemos de la capacidad de establecer t\u00faneles de comunicaci\u00f3n seguros entre varias delegaciones o un puesto de trabajo fuera de la oficina (casa, hotel&#8230;) y la red de la oficina.<\/p>\n<p style=\"text-align: justify;\">A trav\u00e9s de un firewall o NAS, podemos configurar una VPN (Virtual Private Network) que crear\u00e1 un t\u00fanel de comunicaci\u00f3n seguro entre dos puntos ubicados en localizaciones diferentes, con la \u00fanica necesidad de tener conexi\u00f3n a internet.<\/p>\t\t\t\t\t\t<\/div>\n\t\t\t\t<\/div>\n\t\t\t\t\t<\/div>\n\t\t<\/div>\n\t\t\t\t\t\t\t<\/div>\n\t\t<\/section>\n\t\t\t\t<section class=\"elementor-section elementor-top-section elementor-element elementor-element-2e6736f elementor-section-boxed elementor-section-height-default elementor-section-height-default\" data-id=\"2e6736f\" data-element_type=\"section\">\n\t\t\t\t\t\t<div class=\"elementor-container elementor-column-gap-default\">\n\t\t\t\t\t<div class=\"elementor-column elementor-col-50 elementor-top-column elementor-element elementor-element-fc2805f\" data-id=\"fc2805f\" data-element_type=\"column\">\n\t\t\t<div class=\"elementor-widget-wrap elementor-element-populated\">\n\t\t\t\t\t\t\t\t<div class=\"elementor-element elementor-element-9a04ec9 elementor-widget elementor-widget-image\" data-id=\"9a04ec9\" data-element_type=\"widget\" data-widget_type=\"image.default\">\n\t\t\t\t<div class=\"elementor-widget-container\">\n\t\t\t\t\t\t\t\t\t\t\t\t\t\t\t<img decoding=\"async\" src=\"https:\/\/www.vitasystems.es\/wp-content\/uploads\/elementor\/thumbs\/Sin-titulo-1920-\u00d7-1300-px-1920-\u00d7-2600-px-pkpjha1i8k0650giyar6z1tuw9aimmcjepelr7ns6g.png\" title=\"Sin t\u00edtulo (1920\u00a0\u00d7\u00a01300\u00a0px) (1920\u00a0\u00d7\u00a02600\u00a0px)\" alt=\"Sin t\u00edtulo (1920\u00a0\u00d7\u00a01300\u00a0px) (1920\u00a0\u00d7\u00a02600\u00a0px)\" \/>\t\t\t\t\t\t\t\t\t\t\t\t\t\t\t<\/div>\n\t\t\t\t<\/div>\n\t\t\t\t\t<\/div>\n\t\t<\/div>\n\t\t\t\t<div class=\"elementor-column elementor-col-50 elementor-top-column elementor-element elementor-element-149c8ae\" data-id=\"149c8ae\" data-element_type=\"column\">\n\t\t\t<div class=\"elementor-widget-wrap elementor-element-populated\">\n\t\t\t\t\t\t\t\t<div class=\"elementor-element elementor-element-382e196 elementor-widget elementor-widget-heading\" data-id=\"382e196\" data-element_type=\"widget\" data-widget_type=\"heading.default\">\n\t\t\t\t<div class=\"elementor-widget-container\">\n\t\t\t<h4 class=\"elementor-heading-title elementor-size-default\">Ciberseguridad<\/h4>\t\t<\/div>\n\t\t\t\t<\/div>\n\t\t\t\t<div class=\"elementor-element elementor-element-ccbf19c elementor-widget elementor-widget-text-editor\" data-id=\"ccbf19c\" data-element_type=\"widget\" data-widget_type=\"text-editor.default\">\n\t\t\t\t<div class=\"elementor-widget-container\">\n\t\t\t\t\t\t\t<p style=\"text-align: justify;\">La seguridad inform\u00e1tica es uno de los aspectos m\u00e1s importante en el funcionamiento de las empresas. Por ello, VITA Systems se ha especializado en esta materia de la mano de una de las empresas de ciberseguridad m\u00e1s importantes a nivel mundial.<\/p><p style=\"text-align: justify;\">Gracias a las herramientas de SOPHOS, podemos garantizas la seguridad de los datos de nuestros clientes:<\/p><p style=\"text-align: justify; padding-left: 40px;\">&#8211; Software antivirus<\/p><p style=\"text-align: justify; padding-left: 40px;\">&#8211; Software anti-ransomware (anti-encriptaci\u00f3n)<\/p><p style=\"text-align: justify; padding-left: 40px;\">&#8211; Firewalls NextGen<\/p><p style=\"text-align: justify;\">Adem\u00e1s, tenemos la capacidad t\u00e9cnica para poder realizar auditor\u00edas inform\u00e1ticas para evaluar el estado de las infraestructuras inform\u00e1ticas de las empresas:<\/p><p style=\"text-align: justify;\">&#8211; Auditor\u00edas de ciberseguridad<\/p><p style=\"text-align: justify;\">&#8211; Control de vulnerabilidades en tiempo real.<\/p>\t\t\t\t\t\t<\/div>\n\t\t\t\t<\/div>\n\t\t\t\t\t<\/div>\n\t\t<\/div>\n\t\t\t\t\t\t\t<\/div>\n\t\t<\/section>\n\t\t\t\t\t\t<\/div>\n\t\t\t\t\t<\/div>\n\t\t","protected":false},"excerpt":{"rendered":"<p>Nuestros Servicios Copias de seguridad o Backup VITA Systems ofrece servicios de copia de seguridad para salvaguardar los datos de las empresas y protegerlos ante cualquier incidente que puedan sufrir. Estas copias de seguridad se pueden realizar tanto en local a trav\u00e9s de dispositivos NAS o cabinas de discos, como en la nube, con un &hellip;<\/p>\n<p class=\"read-more\"> <a class=\"\" href=\"https:\/\/www.vitasystems.es\/?page_id=15\"> <span class=\"screen-reader-text\">Servicios<\/span> Leer m\u00e1s &raquo;<\/a><\/p>\n","protected":false},"author":1,"featured_media":0,"parent":0,"menu_order":0,"comment_status":"closed","ping_status":"closed","template":"","meta":{"site-sidebar-layout":"no-sidebar","site-content-layout":"page-builder","ast-main-header-display":"","ast-hfb-above-header-display":"","ast-hfb-below-header-display":"","ast-hfb-mobile-header-display":"","site-post-title":"disabled","ast-breadcrumbs-content":"","ast-featured-img":"disabled","footer-sml-layout":"","theme-transparent-header-meta":"enabled","adv-header-id-meta":"","stick-header-meta":"","header-above-stick-meta":"","header-main-stick-meta":"","header-below-stick-meta":"","footnotes":""},"class_list":["post-15","page","type-page","status-publish","hentry"],"_links":{"self":[{"href":"https:\/\/www.vitasystems.es\/index.php?rest_route=\/wp\/v2\/pages\/15","targetHints":{"allow":["GET"]}}],"collection":[{"href":"https:\/\/www.vitasystems.es\/index.php?rest_route=\/wp\/v2\/pages"}],"about":[{"href":"https:\/\/www.vitasystems.es\/index.php?rest_route=\/wp\/v2\/types\/page"}],"author":[{"embeddable":true,"href":"https:\/\/www.vitasystems.es\/index.php?rest_route=\/wp\/v2\/users\/1"}],"replies":[{"embeddable":true,"href":"https:\/\/www.vitasystems.es\/index.php?rest_route=%2Fwp%2Fv2%2Fcomments&post=15"}],"version-history":[{"count":34,"href":"https:\/\/www.vitasystems.es\/index.php?rest_route=\/wp\/v2\/pages\/15\/revisions"}],"predecessor-version":[{"id":1471,"href":"https:\/\/www.vitasystems.es\/index.php?rest_route=\/wp\/v2\/pages\/15\/revisions\/1471"}],"wp:attachment":[{"href":"https:\/\/www.vitasystems.es\/index.php?rest_route=%2Fwp%2Fv2%2Fmedia&parent=15"}],"curies":[{"name":"wp","href":"https:\/\/api.w.org\/{rel}","templated":true}]}}